



 



 



 {"id":326,"date":"2018-08-24T09:59:28","date_gmt":"2018-08-24T07:59:28","guid":{"rendered":"https:\/\/tmp2.novelar.fr\/charte-de-confidentialite\/"},"modified":"2021-10-22T16:03:01","modified_gmt":"2021-10-22T14:03:01","slug":"charte-de-confidentialite","status":"publish","type":"page","link":"https:\/\/preprod.ndgcinema.com\/fr\/charte-de-confidentialite\/","title":{"rendered":"Charte de confidentialit\u00e9"},"content":{"rendered":"\t\t<div data-elementor-type=\"wp-post\" data-elementor-id=\"326\" class=\"elementor elementor-326 elementor-3\" data-elementor-post-type=\"page\">\n\t\t\t\t\t\t<section class=\"elementor-section elementor-top-section elementor-element elementor-element-b32dac4 header-nuages elementor-section-boxed elementor-section-height-default elementor-section-height-default\" data-id=\"b32dac4\" data-element_type=\"section\" data-settings=\"{&quot;background_background&quot;:&quot;classic&quot;,&quot;background_motion_fx_motion_fx_mouse&quot;:&quot;yes&quot;,&quot;background_motion_fx_mouseTrack_effect&quot;:&quot;yes&quot;,&quot;background_motion_fx_mouseTrack_speed&quot;:{&quot;unit&quot;:&quot;px&quot;,&quot;size&quot;:1,&quot;sizes&quot;:[]}}\">\n\t\t\t\t\t\t<div class=\"elementor-container elementor-column-gap-default\">\n\t\t\t\t\t<div class=\"elementor-column elementor-col-100 elementor-top-column elementor-element elementor-element-be678e6\" data-id=\"be678e6\" data-element_type=\"column\">\n\t\t\t<div class=\"elementor-widget-wrap elementor-element-populated\">\n\t\t\t\t\t\t<div class=\"elementor-element elementor-element-ed4b85c elementor-widget-divider--view-line elementor-widget elementor-widget-divider\" data-id=\"ed4b85c\" data-element_type=\"widget\" data-widget_type=\"divider.default\">\n\t\t\t\t<div class=\"elementor-widget-container\">\n\t\t\t\t\t\t\t<div class=\"elementor-divider\">\n\t\t\t<span class=\"elementor-divider-separator\">\n\t\t\t\t\t\t<\/span>\n\t\t<\/div>\n\t\t\t\t\t\t<\/div>\n\t\t\t\t<\/div>\n\t\t\t\t\t<\/div>\n\t\t<\/div>\n\t\t\t\t\t<\/div>\n\t\t<\/section>\n\t\t\t\t<section class=\"elementor-section elementor-top-section elementor-element elementor-element-11a5dfbc elementor-section-boxed elementor-section-height-default elementor-section-height-default\" data-id=\"11a5dfbc\" data-element_type=\"section\" data-settings=\"{&quot;background_background&quot;:&quot;classic&quot;}\">\n\t\t\t\t\t\t<div class=\"elementor-container elementor-column-gap-default\">\n\t\t\t\t\t<div class=\"elementor-column elementor-col-100 elementor-top-column elementor-element elementor-element-12f205d\" data-id=\"12f205d\" data-element_type=\"column\">\n\t\t\t<div class=\"elementor-widget-wrap elementor-element-populated\">\n\t\t\t\t\t\t<div class=\"elementor-element elementor-element-0935fb1 elementor-widget elementor-widget-spacer\" data-id=\"0935fb1\" data-element_type=\"widget\" data-widget_type=\"spacer.default\">\n\t\t\t\t<div class=\"elementor-widget-container\">\n\t\t\t\t\t\t\t<div class=\"elementor-spacer\">\n\t\t\t<div class=\"elementor-spacer-inner\"><\/div>\n\t\t<\/div>\n\t\t\t\t\t\t<\/div>\n\t\t\t\t<\/div>\n\t\t\t\t<div class=\"elementor-element elementor-element-5fc491e elementor-widget elementor-widget-text-editor\" data-id=\"5fc491e\" data-element_type=\"widget\" data-widget_type=\"text-editor.default\">\n\t\t\t\t<div class=\"elementor-widget-container\">\n\t\t\t\t\t\t\t\t\t<div class=\"elementor-element elementor-element-cbac81b elementor-widget elementor-widget-heading\" data-id=\"cbac81b\" data-element_type=\"heading.default\">\n<div class=\"elementor-widget-container\">\n<div class=\"elementor-element elementor-element-cbac81b elementor-widget elementor-widget-heading\" data-id=\"cbac81b\" data-element_type=\"heading.default\">\n<div class=\"elementor-widget-container\">\n<h2 class=\"elementor-heading-title elementor-size-default\">Utilisation des donn\u00e9es personnelles collect\u00e9es<\/h2>\n<\/div>\n<\/div>\n<div class=\"elementor-element elementor-element-91f5ed3 elementor-widget elementor-widget-text-editor\" data-id=\"91f5ed3\" data-element_type=\"text-editor.default\">\n<div class=\"elementor-widget-container\">\n<div class=\"elementor-text-editor elementor-clearfix\">\n<p>La soci\u00e9t\u00e9 Perfect Moment Entrainment s\u2019engage a ne jamais communiquer vos informations personnels a des fins commerciales ou toutes autres activit\u00e9s.<\/p>\n<p>Vos donn\u00e9es seront conserv\u00e9es 6 mois et seront supprim\u00e9es automatiquement pass\u00e9 ce d\u00e9lai.<\/p>\n<p>Monsieur Thierry Donard, pr\u00e9sident de la soci\u00e9t\u00e9Perfect Moment Entrainment sera l\u2019unique gestionnaire de vos informations de confidentialit\u00e9.<\/p>\n<p>Vous pourrez a tout moment demander la suppression de vos donn\u00e9es en nous le demandant par mail \u00e0 l\u2019adresse suivante :\u00a0<a href=\"mailto:contact@nuitdelaglisse.com\">contact@nuitdelaglisse.com<\/a><\/p>\n<\/div>\n<\/div>\n<\/div>\n<\/div>\n<\/div>\n\t\t\t\t\t\t\t\t<\/div>\n\t\t\t\t<\/div>\n\t\t\t\t\t<\/div>\n\t\t<\/div>\n\t\t\t\t\t<\/div>\n\t\t<\/section>\n\t\t\t\t<section class=\"elementor-section elementor-top-section elementor-element elementor-element-534a579 elementor-section-boxed elementor-section-height-default elementor-section-height-default\" data-id=\"534a579\" data-element_type=\"section\">\n\t\t\t\t\t\t<div class=\"elementor-container elementor-column-gap-default\">\n\t\t\t\t\t<div class=\"elementor-column elementor-col-50 elementor-top-column elementor-element elementor-element-3b4fc39\" data-id=\"3b4fc39\" data-element_type=\"column\">\n\t\t\t<div class=\"elementor-widget-wrap elementor-element-populated\">\n\t\t\t\t\t\t<div class=\"elementor-element elementor-element-a82d103 elementor-widget elementor-widget-text-editor\" data-id=\"a82d103\" data-element_type=\"widget\" data-widget_type=\"text-editor.default\">\n\t\t\t\t<div class=\"elementor-widget-container\">\n\t\t\t\t\t\t\t\t\t<h2><strong>Statistiques et mesures d\u2019audience<\/strong><\/h2>\n<p>Ce site utilise les services d\u2019analyse web Google Analytics de la soci\u00e9t\u00e9 Google In. (\u00ab Google \u00bb). Google Analytics utilise des \u201eCookies\u201c, des donn\u00e9es texte, qui sont enregistr\u00e9es sur votre ordinateur (par votre navigateur Internet) et qui permettent d\u2019analyser votre utilisation du site lors de votre visite. Les donn\u00e9es r\u00e9colt\u00e9es via les Cookies concernant votre utilisation du site sont transf\u00e9r\u00e9es sur un serveur de Google aux USA et enregistr\u00e9es sur place. Dans le cas d\u2019une activation de l\u2019anonymisation de l\u2019IP sur ce site, votre adresse IP sera toutefois compress\u00e9e au pr\u00e9alable par Google, dans les Etats membres de l\u2019Union Europ\u00e9enne ou dans les autres Etats membres du trait\u00e9 de l\u2019espace \u00e9conomique europ\u00e9en. Seulement dans des cas exceptionnels, l\u2019adresse IP compl\u00e8te sera transmise \u00e0 un serveur de Google aux Etats-Unis et alors compress\u00e9e. Google utilisera ces informations pour le compte du propri\u00e9taire de ce site, afin d\u2019analyser votre utilisation du site, d\u2019\u00e9tablir des rapports sur l\u2019activit\u00e9 des visiteurs et fournir aussi des donn\u00e9es aux services tiers li\u00e9s \u00e0 l\u2019utilisation du site et d\u2019Internet. Google ne reliera pas l\u2019adresse IP transmise par votre navigateur dans le cadre de Google Analytics \u00e0 d\u2019autres donn\u00e9es Google. Vous pouvez d\u00e9sactiver l\u2019installation et l\u2019utilisation des Cookies par un simple param\u00e9trage de votre logiciel de navigation Internet; nous vous informons cependant qu\u2019il est alors possible que vous ne puissiez acc\u00e9der \u00e0 toutes les fonctions du site de fa\u00e7on optimale. Mais vous pouvez emp\u00eacher l\u2019enregistrement des donn\u00e9es personnelles (incluant votre adresse IP) engendr\u00e9 par les Cookie et l\u2019utilisation du site, ainsi que l\u2019exploitation de ces donn\u00e9es par Google, en t\u00e9l\u00e9chargeant et installant gr\u00e2ce au lien suivant le Plugin navigateur disponible : http:\/\/tools.google.com\/dlpage\/gaoptout<\/p>\n<p>Vous pouvez emp\u00eacher l\u2019enregistrement des donn\u00e9es par Google Analytics en cliquant sur ce lien. Un \u00ab cookie d\u2019opt-out \u00bb sera alors plac\u00e9 sur votre site web et vous permettra de ne pas \u00eatre track\u00e9 durant votre navigation sur ce site.<\/p>\n<p>Vous trouverez plus d\u2019informations concernant les R\u00e8gles de confidentialit\u00e9 et conditions d\u2019utilisation de Google Analytics ici ou dans la rubrique A propos de Google Analytics. Veuillez noter que sur ce site, le code Google Analytics \u00ab gat._anonymizeIp(); \u00bb a \u00e9t\u00e9 ajout\u00e9 afin d\u2019assurer la collecte des adresses IP de fa\u00e7on anonyme (IP masking).<\/p>\n\t\t\t\t\t\t\t\t<\/div>\n\t\t\t\t<\/div>\n\t\t\t\t<div class=\"elementor-element elementor-element-7b4841f elementor-widget elementor-widget-text-editor\" data-id=\"7b4841f\" data-element_type=\"widget\" data-widget_type=\"text-editor.default\">\n\t\t\t\t<div class=\"elementor-widget-container\">\n\t\t\t\t\t\t\t\t\t<h3><strong><u>Consentement<\/u><\/strong><\/h3>\n<p>Lorsque vous choisissez de communiquer vos donn\u00e9es \u00e0 caract\u00e8re personnel, vous donnez express\u00e9ment votre consentement pour la collecte et l\u2019utilisation de celles-ci conform\u00e9ment \u00e0 ce qui est \u00e9nonc\u00e9 \u00e0 la pr\u00e9sente charte et \u00e0 la l\u00e9gislation en vigueur.<\/p>\n\t\t\t\t\t\t\t\t<\/div>\n\t\t\t\t<\/div>\n\t\t\t\t<div class=\"elementor-element elementor-element-6546b57 elementor-widget elementor-widget-text-editor\" data-id=\"6546b57\" data-element_type=\"widget\" data-widget_type=\"text-editor.default\">\n\t\t\t\t<div class=\"elementor-widget-container\">\n\t\t\t\t\t\t\t\t\t<h3><strong><span style=\"text-decoration: underline;\">reCAPTCHA<\/span><\/strong><\/h3>\n<p>This site is protected by reCAPTCHA and the Google <a href=\"https:\/\/policies.google.com\/privacy\">Privacy Policy<\/a> and <a href=\"https:\/\/policies.google.com\/terms\">Terms of Service<\/a> apply.<\/p>\n\t\t\t\t\t\t\t\t<\/div>\n\t\t\t\t<\/div>\n\t\t\t\t\t<\/div>\n\t\t<\/div>\n\t\t\t\t<div class=\"elementor-column elementor-col-50 elementor-top-column elementor-element elementor-element-a2ab2c7\" data-id=\"a2ab2c7\" data-element_type=\"column\">\n\t\t\t<div class=\"elementor-widget-wrap elementor-element-populated\">\n\t\t\t\t\t\t<div class=\"elementor-element elementor-element-2b3ba88 elementor-widget elementor-widget-text-editor\" data-id=\"2b3ba88\" data-element_type=\"widget\" data-widget_type=\"text-editor.default\">\n\t\t\t\t<div class=\"elementor-widget-container\">\n\t\t\t\t\t\t\t\t\t<h3><strong><u>S\u00e9curit\u00e9<\/u><\/strong><\/h3>\n<p>Nous vous informons prendre toutes pr\u00e9cautions utiles, mesures organisationnelles et techniques appropri\u00e9es pour pr\u00e9server la s\u00e9curit\u00e9, l\u2019int\u00e9grit\u00e9 et la confidentialit\u00e9 de vos donn\u00e9es \u00e0 caract\u00e8re personnel et notamment, emp\u00eacher qu\u2019elles soient d\u00e9form\u00e9es, endommag\u00e9es ou que des tiers non autoris\u00e9s y aient acc\u00e8s.<\/p>\n\t\t\t\t\t\t\t\t<\/div>\n\t\t\t\t<\/div>\n\t\t\t\t<div class=\"elementor-element elementor-element-1834577 elementor-widget elementor-widget-text-editor\" data-id=\"1834577\" data-element_type=\"widget\" data-widget_type=\"text-editor.default\">\n\t\t\t\t<div class=\"elementor-widget-container\">\n\t\t\t\t\t\t\t\t\t<h3><strong><u>Cookies<\/u><\/strong><\/h3>\n<p>Les cookies sont des fichiers textes, souvent crypt\u00e9s, stock\u00e9s dans votre navigateur. Ils sont cr\u00e9\u00e9s lorsque le navigateur d\u2019un utilisateur charge un site internet donn\u00e9 : le site envoie des informations au navigateur, qui cr\u00e9\u00e9 alors un fichier texte. Chaque fois que l\u2019utilisateur revient sur le m\u00eame site, le navigateur r\u00e9cup\u00e8re ce fichier et l\u2019envoie au serveur du site internet.<\/p>\n<p>On peut distinguer deux types de cookies, qui n\u2019ont pas les m\u00eames finalit\u00e9s : les cookies techniques et les cookies publicitaires :<\/p>\n<ul>\n<li>Les cookies techniques sont utilis\u00e9s tout au long de votre navigation, afin de la faciliter et d\u2019ex\u00e9cuter certaines fonctions. Un cookie technique peut par exemple \u00eatre utilis\u00e9 pour m\u00e9moriser les r\u00e9ponses renseign\u00e9es dans un formulaire ou encore les pr\u00e9f\u00e9rences de l\u2019utilisateur s\u2019agissant de la langue ou de la pr\u00e9sentation d\u2019un site internet, lorsque de telles options sont disponibles.<\/li>\n<li>Les cookies publicitaires peuvent \u00eatre cr\u00e9\u00e9s non seulement par le site internet sur lequel l\u2019utilisateur navigue, mais \u00e9galement par d\u2019autres sites internet diffusant des publicit\u00e9s, annonces, widgets ou autres \u00e9l\u00e9ments sur la page affich\u00e9e. Ces cookies peuvent notamment \u00eatre utilis\u00e9s pour effectuer de la publicit\u00e9 cibl\u00e9e, c\u2019est-\u00e0-dire de la publicit\u00e9 d\u00e9termin\u00e9e en fonction de la navigation de l\u2019utilisateur.<\/li>\n<\/ul>\n<p>Nous n\u2019utilisons pas de cookies publicitaires. Toutefois, si nous devions en utiliser \u00e0 l\u2019avenir, nous vous en informerions au pr\u00e9alable et vous auriez la possibilit\u00e9 le cas \u00e9ch\u00e9ant de d\u00e9sactiver ces cookies.<\/p>\n<p>Nous vous rappelons \u00e0 toutes fins utiles qu\u2019il vous est possible de vous opposer au d\u00e9p\u00f4t de cookies en configurant votre navigateur. Un tel refus pourrait toutefois emp\u00eacher le bon fonctionnement du Site.<\/p>\n\t\t\t\t\t\t\t\t<\/div>\n\t\t\t\t<\/div>\n\t\t\t\t<div class=\"elementor-element elementor-element-568b42c elementor-widget elementor-widget-text-editor\" data-id=\"568b42c\" data-element_type=\"widget\" data-widget_type=\"text-editor.default\">\n\t\t\t\t<div class=\"elementor-widget-container\">\n\t\t\t\t\t\t\t\t\t<h3><strong><u>Acc\u00e8s \u00e0 vos donn\u00e9es \u00e0 caract\u00e8re personnel<\/u><\/strong><\/h3>\n<p>Conform\u00e9ment \u00e0 la loi n\u00b0\u00a078-17\u00a0du 6 janvier 1978 relative \u00e0 l\u2019informatique, aux fichiers et aux libert\u00e9s, vous disposez du droit d\u2019obtenir la communication et, le cas \u00e9ch\u00e9ant, la rectification ou la suppression des donn\u00e9es vous concernant, \u00e0 travers un acc\u00e8s \u00e0 votre compte dans l\u2019Application. Vous pouvez \u00e9galement vous adresser \u00e0 :<\/p>\n<ul>\n<li>adresse de courrier \u00e9lectronique :\u00a0<a href=\"mailto:contact@nuitdelaglisse.com\">contact@nuitdelaglisse.com<\/a><\/li>\n<li>\u00a0adresse de courrier postal :Perfect Moment Entertainment, SARL,<br \/>\nc\/o Cofida sa, Rue Ancienne 88,<br \/>\nCH 1227 Carouge Geneva, Switzerland\u200b<\/li>\n<\/ul>\n<p>Il est rappel\u00e9 que toute personne peut, pour des motifs l\u00e9gitimes, s\u2019opposer au traitement des donn\u00e9es la concernant.<\/p>\n\t\t\t\t\t\t\t\t<\/div>\n\t\t\t\t<\/div>\n\t\t\t\t\t<\/div>\n\t\t<\/div>\n\t\t\t\t\t<\/div>\n\t\t<\/section>\n\t\t\t\t<section class=\"elementor-section elementor-top-section elementor-element elementor-element-3603ed6 elementor-section-boxed elementor-section-height-default elementor-section-height-default\" data-id=\"3603ed6\" data-element_type=\"section\">\n\t\t\t\t\t\t<div class=\"elementor-container elementor-column-gap-default\">\n\t\t\t\t\t<div class=\"elementor-column elementor-col-100 elementor-top-column elementor-element elementor-element-b819fbe\" data-id=\"b819fbe\" data-element_type=\"column\">\n\t\t\t<div class=\"elementor-widget-wrap elementor-element-populated\">\n\t\t\t\t\t\t<div class=\"elementor-element elementor-element-c5772bc elementor-widget elementor-widget-spacer\" data-id=\"c5772bc\" data-element_type=\"widget\" data-widget_type=\"spacer.default\">\n\t\t\t\t<div class=\"elementor-widget-container\">\n\t\t\t\t\t\t\t<div class=\"elementor-spacer\">\n\t\t\t<div class=\"elementor-spacer-inner\"><\/div>\n\t\t<\/div>\n\t\t\t\t\t\t<\/div>\n\t\t\t\t<\/div>\n\t\t\t\t\t<\/div>\n\t\t<\/div>\n\t\t\t\t\t<\/div>\n\t\t<\/section>\n\t\t\t\t<\/div>\n\t\t","protected":false},"excerpt":{"rendered":"<p>Utilisation des donn\u00e9es personnelles collect\u00e9es La soci\u00e9t\u00e9 Perfect Moment Entrainment s\u2019engage a ne jamais communiquer vos informations personnels a des fins commerciales ou toutes autres activit\u00e9s. Vos donn\u00e9es seront conserv\u00e9es 6 mois et seront supprim\u00e9es automatiquement pass\u00e9 ce d\u00e9lai. Monsieur Thierry Donard, pr\u00e9sident de la soci\u00e9t\u00e9Perfect Moment Entrainment sera l\u2019unique gestionnaire de vos informations de [&hellip;]<\/p>\n","protected":false},"author":1,"featured_media":0,"parent":0,"menu_order":0,"comment_status":"closed","ping_status":"open","template":"","meta":{"_acf_changed":false,"footnotes":""},"class_list":["post-326","page","type-page","status-publish","hentry"],"acf":[],"yoast_head":"<!-- This site is optimized with the Yoast SEO plugin v25.9 - https:\/\/yoast.com\/wordpress\/plugins\/seo\/ -->\n<title>Charte de confidentialit\u00e9 - NDG Cinema (Nuit de la Glisse)<\/title>\n<meta name=\"description\" content=\"Charte de confidentialit\u00e9\" \/>\n<meta name=\"robots\" content=\"noindex, follow, max-snippet:-1, max-image-preview:large, max-video-preview:-1\" \/>\n<meta property=\"og:locale\" content=\"fr_FR\" \/>\n<meta property=\"og:type\" content=\"article\" \/>\n<meta property=\"og:title\" content=\"Charte de confidentialit\u00e9 - NDG Cinema (Nuit de la Glisse)\" \/>\n<meta property=\"og:description\" content=\"Charte de confidentialit\u00e9\" \/>\n<meta property=\"og:url\" content=\"https:\/\/preprod.ndgcinema.com\/fr\/charte-de-confidentialite\/\" \/>\n<meta property=\"og:site_name\" content=\"NDG Cinema (Nuit de la Glisse)\" \/>\n<meta property=\"article:publisher\" content=\"https:\/\/www.facebook.com\/NDGcinema\/\" \/>\n<meta property=\"article:modified_time\" content=\"2021-10-22T14:03:01+00:00\" \/>\n<meta property=\"og:image\" content=\"https:\/\/preprod.ndgcinema.com\/wp-content\/uploads\/2019\/07\/66766110_1837866202982875_5417637207047405568_n.jpg\" \/>\n\t<meta property=\"og:image:width\" content=\"720\" \/>\n\t<meta property=\"og:image:height\" content=\"720\" \/>\n\t<meta property=\"og:image:type\" content=\"image\/jpeg\" \/>\n<meta name=\"twitter:card\" content=\"summary_large_image\" \/>\n<meta name=\"twitter:label1\" content=\"Dur\u00e9e de lecture estim\u00e9e\" \/>\n\t<meta name=\"twitter:data1\" content=\"5 minutes\" \/>\n<script type=\"application\/ld+json\" class=\"yoast-schema-graph\">{\"@context\":\"https:\/\/schema.org\",\"@graph\":[{\"@type\":\"WebPage\",\"@id\":\"https:\/\/preprod.ndgcinema.com\/fr\/charte-de-confidentialite\/\",\"url\":\"https:\/\/preprod.ndgcinema.com\/fr\/charte-de-confidentialite\/\",\"name\":\"Charte de confidentialit\u00e9 - NDG Cinema (Nuit de la Glisse)\",\"isPartOf\":{\"@id\":\"https:\/\/preprod.ndgcinema.com\/fr\/#website\"},\"datePublished\":\"2018-08-24T07:59:28+00:00\",\"dateModified\":\"2021-10-22T14:03:01+00:00\",\"description\":\"Charte de confidentialit\u00e9\",\"breadcrumb\":{\"@id\":\"https:\/\/preprod.ndgcinema.com\/fr\/charte-de-confidentialite\/#breadcrumb\"},\"inLanguage\":\"fr-FR\",\"potentialAction\":[{\"@type\":\"ReadAction\",\"target\":[\"https:\/\/preprod.ndgcinema.com\/fr\/charte-de-confidentialite\/\"]}]},{\"@type\":\"BreadcrumbList\",\"@id\":\"https:\/\/preprod.ndgcinema.com\/fr\/charte-de-confidentialite\/#breadcrumb\",\"itemListElement\":[{\"@type\":\"ListItem\",\"position\":1,\"name\":\"Home\",\"item\":\"https:\/\/preprod.ndgcinema.com\/fr\/\"},{\"@type\":\"ListItem\",\"position\":2,\"name\":\"Charte de confidentialit\u00e9\"}]},{\"@type\":\"WebSite\",\"@id\":\"https:\/\/preprod.ndgcinema.com\/fr\/#website\",\"url\":\"https:\/\/preprod.ndgcinema.com\/fr\/\",\"name\":\"NDG Cinema (Nuit de la Glisse)\",\"description\":\"Official Website of Nuit de la Glisse\",\"publisher\":{\"@id\":\"https:\/\/preprod.ndgcinema.com\/fr\/#organization\"},\"potentialAction\":[{\"@type\":\"SearchAction\",\"target\":{\"@type\":\"EntryPoint\",\"urlTemplate\":\"https:\/\/preprod.ndgcinema.com\/fr\/?s={search_term_string}\"},\"query-input\":{\"@type\":\"PropertyValueSpecification\",\"valueRequired\":true,\"valueName\":\"search_term_string\"}}],\"inLanguage\":\"fr-FR\"},{\"@type\":\"Organization\",\"@id\":\"https:\/\/preprod.ndgcinema.com\/fr\/#organization\",\"name\":\"NDG Cinema (Nuit de la Glisse)\",\"url\":\"https:\/\/preprod.ndgcinema.com\/fr\/\",\"logo\":{\"@type\":\"ImageObject\",\"inLanguage\":\"fr-FR\",\"@id\":\"https:\/\/preprod.ndgcinema.com\/fr\/#\/schema\/logo\/image\/\",\"url\":\"https:\/\/ndgcinema.com\/wp-content\/uploads\/2019\/09\/festival-ndg-2019.jpg\",\"contentUrl\":\"https:\/\/ndgcinema.com\/wp-content\/uploads\/2019\/09\/festival-ndg-2019.jpg\",\"width\":960,\"height\":1280,\"caption\":\"NDG Cinema (Nuit de la Glisse)\"},\"image\":{\"@id\":\"https:\/\/preprod.ndgcinema.com\/fr\/#\/schema\/logo\/image\/\"},\"sameAs\":[\"https:\/\/www.facebook.com\/NDGcinema\/\",\"https:\/\/www.instagram.com\/ndgcinema\/\",\"https:\/\/www.youtube.com\/NDGCinema\"]}]}<\/script>\n<!-- \/ Yoast SEO plugin. -->","yoast_head_json":{"title":"Charte de confidentialit\u00e9 - NDG Cinema (Nuit de la Glisse)","description":"Charte de confidentialit\u00e9","robots":{"index":"noindex","follow":"follow","max-snippet":"max-snippet:-1","max-image-preview":"max-image-preview:large","max-video-preview":"max-video-preview:-1"},"og_locale":"fr_FR","og_type":"article","og_title":"Charte de confidentialit\u00e9 - NDG Cinema (Nuit de la Glisse)","og_description":"Charte de confidentialit\u00e9","og_url":"https:\/\/preprod.ndgcinema.com\/fr\/charte-de-confidentialite\/","og_site_name":"NDG Cinema (Nuit de la Glisse)","article_publisher":"https:\/\/www.facebook.com\/NDGcinema\/","article_modified_time":"2021-10-22T14:03:01+00:00","og_image":[{"width":720,"height":720,"url":"https:\/\/preprod.ndgcinema.com\/wp-content\/uploads\/2019\/07\/66766110_1837866202982875_5417637207047405568_n.jpg","type":"image\/jpeg"}],"twitter_card":"summary_large_image","twitter_misc":{"Dur\u00e9e de lecture estim\u00e9e":"5 minutes"},"schema":{"@context":"https:\/\/schema.org","@graph":[{"@type":"WebPage","@id":"https:\/\/preprod.ndgcinema.com\/fr\/charte-de-confidentialite\/","url":"https:\/\/preprod.ndgcinema.com\/fr\/charte-de-confidentialite\/","name":"Charte de confidentialit\u00e9 - NDG Cinema (Nuit de la Glisse)","isPartOf":{"@id":"https:\/\/preprod.ndgcinema.com\/fr\/#website"},"datePublished":"2018-08-24T07:59:28+00:00","dateModified":"2021-10-22T14:03:01+00:00","description":"Charte de confidentialit\u00e9","breadcrumb":{"@id":"https:\/\/preprod.ndgcinema.com\/fr\/charte-de-confidentialite\/#breadcrumb"},"inLanguage":"fr-FR","potentialAction":[{"@type":"ReadAction","target":["https:\/\/preprod.ndgcinema.com\/fr\/charte-de-confidentialite\/"]}]},{"@type":"BreadcrumbList","@id":"https:\/\/preprod.ndgcinema.com\/fr\/charte-de-confidentialite\/#breadcrumb","itemListElement":[{"@type":"ListItem","position":1,"name":"Home","item":"https:\/\/preprod.ndgcinema.com\/fr\/"},{"@type":"ListItem","position":2,"name":"Charte de confidentialit\u00e9"}]},{"@type":"WebSite","@id":"https:\/\/preprod.ndgcinema.com\/fr\/#website","url":"https:\/\/preprod.ndgcinema.com\/fr\/","name":"NDG Cinema (Nuit de la Glisse)","description":"Official Website of Nuit de la Glisse","publisher":{"@id":"https:\/\/preprod.ndgcinema.com\/fr\/#organization"},"potentialAction":[{"@type":"SearchAction","target":{"@type":"EntryPoint","urlTemplate":"https:\/\/preprod.ndgcinema.com\/fr\/?s={search_term_string}"},"query-input":{"@type":"PropertyValueSpecification","valueRequired":true,"valueName":"search_term_string"}}],"inLanguage":"fr-FR"},{"@type":"Organization","@id":"https:\/\/preprod.ndgcinema.com\/fr\/#organization","name":"NDG Cinema (Nuit de la Glisse)","url":"https:\/\/preprod.ndgcinema.com\/fr\/","logo":{"@type":"ImageObject","inLanguage":"fr-FR","@id":"https:\/\/preprod.ndgcinema.com\/fr\/#\/schema\/logo\/image\/","url":"https:\/\/ndgcinema.com\/wp-content\/uploads\/2019\/09\/festival-ndg-2019.jpg","contentUrl":"https:\/\/ndgcinema.com\/wp-content\/uploads\/2019\/09\/festival-ndg-2019.jpg","width":960,"height":1280,"caption":"NDG Cinema (Nuit de la Glisse)"},"image":{"@id":"https:\/\/preprod.ndgcinema.com\/fr\/#\/schema\/logo\/image\/"},"sameAs":["https:\/\/www.facebook.com\/NDGcinema\/","https:\/\/www.instagram.com\/ndgcinema\/","https:\/\/www.youtube.com\/NDGCinema"]}]}},"_links":{"self":[{"href":"https:\/\/preprod.ndgcinema.com\/fr\/wp-json\/wp\/v2\/pages\/326","targetHints":{"allow":["GET"]}}],"collection":[{"href":"https:\/\/preprod.ndgcinema.com\/fr\/wp-json\/wp\/v2\/pages"}],"about":[{"href":"https:\/\/preprod.ndgcinema.com\/fr\/wp-json\/wp\/v2\/types\/page"}],"author":[{"embeddable":true,"href":"https:\/\/preprod.ndgcinema.com\/fr\/wp-json\/wp\/v2\/users\/1"}],"replies":[{"embeddable":true,"href":"https:\/\/preprod.ndgcinema.com\/fr\/wp-json\/wp\/v2\/comments?post=326"}],"version-history":[{"count":0,"href":"https:\/\/preprod.ndgcinema.com\/fr\/wp-json\/wp\/v2\/pages\/326\/revisions"}],"wp:attachment":[{"href":"https:\/\/preprod.ndgcinema.com\/fr\/wp-json\/wp\/v2\/media?parent=326"}],"curies":[{"name":"wp","href":"https:\/\/api.w.org\/{rel}","templated":true}]}}